{"id":57,"date":"2013-07-24T10:55:40","date_gmt":"2013-07-24T08:55:40","guid":{"rendered":"http:\/\/www.leuchtenversand.com\/wordpress\/dienstleistungen\/"},"modified":"2013-07-24T10:55:40","modified_gmt":"2013-07-24T08:55:40","slug":"dienstleistungen","status":"publish","type":"page","link":"http:\/\/www.leuchtenversand.com\/joomla\/?page_id=57","title":{"rendered":"Dienstleistungen"},"content":{"rendered":"<h1>Computer-Service<\/h1>\n<p>Ihr Computer l\u00e4sst Sie im Stich. Sie sind ratlos und kommen nicht mehr weiter. In diesen Situationen ist unser <strong>PC-Notdienst<\/strong> f\u00fcr Sie da. Unser Hotline Team steht Ihnen pers\u00f6nlich per Telefon oder direkt zu Hause bei Ihnen zur Verf\u00fcgung.<\/p>\n<p>Wir \u00fcbernehmen f\u00fcr Sie die komplette Einrichtung Ihres Heimcomputers und Netzwerkes bei geplanten Neuinstallationen. Vorausgehende professionelle und bedarfsgerechte Beratung bei der Anschaffung von Hard- und Software ist f\u00fcr uns selbstverst\u00e4ndlich.<\/p>\n<p>Bestehende Anlagen r\u00fcsten wir auf, modifizieren sie und sichern sie auch ab.<\/p>\n<p>Stabile Hard- und Software ist und bleibt die Basis auch Ihres Computers. Zu unserem Komplettservice geh\u00f6rt aus diesem Grund auch eine eigene Werkstatt. Unabh\u00e4ngig von Marke und Herkunft ist jedes Ger\u00e4t, vom Notebook \u00fcber den PC bis zum Smartphone, bei uns in professionellen H\u00e4nden.<\/p>\n<h3>Guter Service f\u00e4ngt bei der Beratung an.<\/h3>\n<p>Unsere zertifizierten Mitarbeiter beraten Sie umfassend \u00fcber die M\u00f6glichkeiten des Aufr\u00fcstens Ihres Computers und Updates Ihrer Software. Sollte der Computer nicht mehr Ihren Anforderungen gen\u00fcgen und ein Aufr\u00fcsten unrentabel sein, k\u00fcmmert sich unser Team um die Entsorgung und ber\u00e4t Sie herstellerunabh\u00e4ngig zum Thema Neukauf.<\/p>\n<p>Grundlegende PC-Kenntnisse werden Ihnen von uns vermittelt.<\/p>\n<h3>Unser PC-Service umfasst im \u00dcberblick:<\/h3>\n<ul>\n<li>Professionelle und bedarfsgerechte Beratung<\/li>\n<li>Daten\u00fcbernahme vom Altger\u00e4t<\/li>\n<li>Werkstatt- &amp; Vor-Ort-Service<\/li>\n<li>Bedarfsgerechter Verkauf<\/li>\n<li>Vor-Ort-Einrichtung von Computer, Druckern und Netzwerken<\/li>\n<li>Kabel-Modem und Funknetzwerk Installationen<\/li>\n<li>Sicherheitsupdates<\/li>\n<li>DSL-Installation<\/li>\n<li>Virenentfernung<\/li>\n<li>PC Bereinigung<\/li>\n<\/ul>\n<h2>Kundenvorteile<\/h2>\n<p>Ihre Vorteile als unser Kunde:<\/p>\n<ul>\n<li>Alles aus einer Hand (Service, Hard- und Software)<\/li>\n<li>Kurze Reaktionszeit<\/li>\n<li>G\u00fcnstige und faire Preise<\/li>\n<\/ul>\n<p>Nehmen Sie einfach Kontakt auf. Wir beraten Sie gerne und kompetent bei Ihrer Aufgabenstellung.<\/p>\n","protected":false},"excerpt":{"rendered":"<p>Computer-Service Ihr Computer l\u00e4sst Sie im Stich. Sie sind ratlos und kommen nicht mehr weiter. In diesen Situationen ist unser PC-Notdienst f\u00fcr Sie da. Unser Hotline Team steht Ihnen pers\u00f6nlich &hellip; <\/p>\n","protected":false},"author":1,"featured_media":0,"parent":0,"menu_order":6,"comment_status":"closed","ping_status":"closed","template":"","meta":{"footnotes":""},"class_list":["post-57","page","type-page","status-publish","hentry"],"_links":{"self":[{"href":"http:\/\/www.leuchtenversand.com\/joomla\/index.php?rest_route=\/wp\/v2\/pages\/57","targetHints":{"allow":["GET"]}}],"collection":[{"href":"http:\/\/www.leuchtenversand.com\/joomla\/index.php?rest_route=\/wp\/v2\/pages"}],"about":[{"href":"http:\/\/www.leuchtenversand.com\/joomla\/index.php?rest_route=\/wp\/v2\/types\/page"}],"author":[{"embeddable":true,"href":"http:\/\/www.leuchtenversand.com\/joomla\/index.php?rest_route=\/wp\/v2\/users\/1"}],"replies":[{"embeddable":true,"href":"http:\/\/www.leuchtenversand.com\/joomla\/index.php?rest_route=%2Fwp%2Fv2%2Fcomments&post=57"}],"version-history":[{"count":0,"href":"http:\/\/www.leuchtenversand.com\/joomla\/index.php?rest_route=\/wp\/v2\/pages\/57\/revisions"}],"wp:attachment":[{"href":"http:\/\/www.leuchtenversand.com\/joomla\/index.php?rest_route=%2Fwp%2Fv2%2Fmedia&parent=57"}],"curies":[{"name":"wp","href":"https:\/\/api.w.org\/{rel}","templated":true}]}}