{"id":58,"date":"2013-07-24T10:58:03","date_gmt":"2013-07-24T08:58:03","guid":{"rendered":"http:\/\/www.leuchtenversand.com\/wordpress\/seminare\/"},"modified":"2020-08-28T12:14:51","modified_gmt":"2020-08-28T10:14:51","slug":"seminare","status":"publish","type":"page","link":"http:\/\/www.leuchtenversand.com\/joomla\/?page_id=58","title":{"rendered":"Seminare"},"content":{"rendered":"<h1>Firmenseminare und Praxisworkshops<\/h1>\n<p>Jedes Unternehmen hat seinen individuellen Bedarf an Know-how-Transfer, abh\u00e4ngig vom Wissenstand der Mitarbeiter und der Zielsetzung.<\/p>\n<p>Mit Standard-Seminaren ist es deshalb h\u00e4ufig nicht getan. Seminare m\u00fcssen flexibel, zielgruppen-orientiert und bedarfsgerecht sein.<\/p>\n<p>Ganz gleich, ob Sie Ihre Kenntnisse vertiefen, Projekte optimieren oder weitere Qualifikationen erwerben m\u00f6chten \u2013 mit unseren individuellen Schulungen und Ressourcen erreichen Sie Ihr Ziel.<\/p>\n<p>Unsere Kurse basieren auf praxisorientierten, nachvollziehbaren Szenarien. Innerhalb k\u00fcrzester Zeit werden Sie von neuen technologischen Standards profitieren und deutlich produktiver arbeiten.<\/p>\n<h2>Individuelles Schulungskonzept<\/h2>\n<p>Wir stimmen vor Kursbeginn die kompletten Inhalte und Ihre bevorzugte Lernmethode mit Ihnen und Ihren Mitarbeiten ab. Praktische Beispiele aus Ihrem Betriebsablauf k\u00f6nnen dadurch in das Schulungskonzept eingebunden werden. Auf diese Weise ist ein optimaler Lernerfolg garantiert.<\/p>\n<h2>Optimierte Dauer und individuelle Termine<\/h2>\n<p>Die Dauer der Schulung ist durch die Konzentration auf das Wesentliche meistens k\u00fcrzer als bei einem Offenen Kurs oder die Zeit kann intensiver genutzt werden. Die Termine werden individuell mit Ihnen abgestimmt, so dass Ihre Gesch\u00e4ftsprozesse nicht beeintr\u00e4chtigt werden. Aus diesem Grund haben Sie bei uns auch die M\u00f6glichkeit, Ihre Mitarbeiter auch an Abend- und Wochenendtermine zu schulen. Die Schulung kann auf Wunsch auch bei Ihnen vor Ort stattfinden, so dass die Ausfallzeiten Ihrer Mitarbeiter minimiert werden.<\/p>\n<h2>Vorsprung durch Erfahrung<\/h2>\n<p>Unsere Referenten sind erfahrene Projektmitarbeiter. Sie wollen Ihnen nicht nur das theoretische Wissen vermitteln, sondern k\u00f6nnen Ihnen auch durch Ihre Erfahrungen in der praktischen Anwendung die Thematik einfach und verst\u00e4ndlich darstellen.<\/p>\n<h2>Wirtschaftlichkeit<\/h2>\n<p>Statt eines Seminarpreises pro Teilnehmer verrechnen wir Ihnen bei einem unserer Firmenseminar einen fixen Tagessatz. Dieser Satz ist unabh\u00e4ngig von der Anzahl der Schulungsteilnehmer. Auf diese Weise haben Sie als Unternehmen den Vorteil, bei einmaliger Aufwendung den maximalen Nutzen zu erhalten. Sie entscheiden, ob Sie beispielsweise auch die Vertretung Ihres Angestellten an der Schulung teilnehmen lassen m\u00f6chten, um den optimalen Know-How-Transfer zu erhalten.<\/p>\n\n\n<figure class=\"wp-block-image size-large\"><img loading=\"lazy\" decoding=\"async\" width=\"276\" height=\"182\" src=\"http:\/\/www.leuchtenversand.com\/joomla\/wp-content\/uploads\/2020\/08\/schulung.jpg\" alt=\"\" class=\"wp-image-95\"\/><\/figure>\n","protected":false},"excerpt":{"rendered":"<p>Firmenseminare und Praxisworkshops Jedes Unternehmen hat seinen individuellen Bedarf an Know-how-Transfer, abh\u00e4ngig vom Wissenstand der Mitarbeiter und der Zielsetzung. Mit Standard-Seminaren ist es deshalb h\u00e4ufig nicht getan. Seminare m\u00fcssen flexibel, &hellip; <\/p>\n","protected":false},"author":1,"featured_media":0,"parent":0,"menu_order":5,"comment_status":"closed","ping_status":"closed","template":"","meta":{"footnotes":""},"class_list":["post-58","page","type-page","status-publish","hentry"],"_links":{"self":[{"href":"http:\/\/www.leuchtenversand.com\/joomla\/index.php?rest_route=\/wp\/v2\/pages\/58","targetHints":{"allow":["GET"]}}],"collection":[{"href":"http:\/\/www.leuchtenversand.com\/joomla\/index.php?rest_route=\/wp\/v2\/pages"}],"about":[{"href":"http:\/\/www.leuchtenversand.com\/joomla\/index.php?rest_route=\/wp\/v2\/types\/page"}],"author":[{"embeddable":true,"href":"http:\/\/www.leuchtenversand.com\/joomla\/index.php?rest_route=\/wp\/v2\/users\/1"}],"replies":[{"embeddable":true,"href":"http:\/\/www.leuchtenversand.com\/joomla\/index.php?rest_route=%2Fwp%2Fv2%2Fcomments&post=58"}],"version-history":[{"count":3,"href":"http:\/\/www.leuchtenversand.com\/joomla\/index.php?rest_route=\/wp\/v2\/pages\/58\/revisions"}],"predecessor-version":[{"id":99,"href":"http:\/\/www.leuchtenversand.com\/joomla\/index.php?rest_route=\/wp\/v2\/pages\/58\/revisions\/99"}],"wp:attachment":[{"href":"http:\/\/www.leuchtenversand.com\/joomla\/index.php?rest_route=%2Fwp%2Fv2%2Fmedia&parent=58"}],"curies":[{"name":"wp","href":"https:\/\/api.w.org\/{rel}","templated":true}]}}