{"id":59,"date":"2013-07-24T11:02:13","date_gmt":"2013-07-24T09:02:13","guid":{"rendered":"http:\/\/www.leuchtenversand.com\/wordpress\/hard-und-softwareentwicklung\/"},"modified":"2020-05-04T14:33:31","modified_gmt":"2020-05-04T12:33:31","slug":"hard-und-softwareentwicklung","status":"publish","type":"page","link":"http:\/\/www.leuchtenversand.com\/joomla\/?page_id=59","title":{"rendered":"Hard- und Softwareentwicklung"},"content":{"rendered":"<p>Als Unternehmen mit langj\u00e4hriger\u00a0Erfahrung sind wir Ihr Ansprechpartner, wenn es um kundenspezifische Hard- und Softwareentwicklung geht. Als Full-Service-Dienstleister widmen wir uns speziell Ihren Anfragen und Erfordernissen in vollem Umfang und arbeiten dabei eng mit Ihnen zusammen. Wir liefern: Desktop\/PC-Anwendungen, Embedded \/ Mikroprozessortechnik, Server \/ Datenbank-Applikationen.Hard- und Softwareentwicklung gehen bei uns flie\u00dfend ineinander \u00fcber. So sorgen wir sowohl f\u00fcr die Planung und Entwicklung der von Ihnen ben\u00f6tigen Elektronik als auch f\u00fcr das dazugeh\u00f6rige Softwarepaket auf Prozessor- und Applikationsebene. Damit stellen wir sicher, dass Soft- und Hardwareentwicklung ganz pr\u00e4zise aufeinander abgestimmt sind und schaffen ma\u00dfgeschneiderte L\u00f6sungen f\u00fcr Ihr Unternehmen.<\/p>\n<p>Allerdings sind Hard- und Softwareentwicklung nat\u00fcrlich nur ein Bestandteil unseres Leistungs-Portfolios. Selbstverst\u00e4ndlich erhalten Sie bei uns auch komplett montierte Baugruppenreihen und Systeme, die wir auf Wunsch gerne vor Ort f\u00fcr Sie implementieren und bei Bedarf warten. Damit folgt auf unsere Hard- und Softwareentwicklung ein umfassendes Leistungspaket, mit dem wir Ihnen von der Entwicklung \u00fcber die Fertigung und Montage bis hin zum After-Sales-Service eine ganzheitlich-integrierte Dienstleistung rund um die Elektronik offerieren.<\/p>\n<p>Entscheiden Sie sich f\u00fcr uns und setzen Sie auf Qualit\u00e4t, Leistung und fachgerechte L\u00f6sungen. Gerne beraten wir Sie in einem ersten Gespr\u00e4ch zum Umfang unserer Leistungen in Sachen Hard- und Softwareentwicklung und widmen uns gezielt Ihren Problemen. Wie k\u00f6nnen wir Ihnen weiterhelfen?<\/p>\n","protected":false},"excerpt":{"rendered":"<p>Als Unternehmen mit langj\u00e4hriger\u00a0Erfahrung sind wir Ihr Ansprechpartner, wenn es um kundenspezifische Hard- und Softwareentwicklung geht. Als Full-Service-Dienstleister widmen wir uns speziell Ihren Anfragen und Erfordernissen in vollem Umfang und &hellip; <\/p>\n","protected":false},"author":1,"featured_media":0,"parent":0,"menu_order":4,"comment_status":"closed","ping_status":"closed","template":"","meta":{"footnotes":""},"class_list":["post-59","page","type-page","status-publish","hentry"],"_links":{"self":[{"href":"http:\/\/www.leuchtenversand.com\/joomla\/index.php?rest_route=\/wp\/v2\/pages\/59","targetHints":{"allow":["GET"]}}],"collection":[{"href":"http:\/\/www.leuchtenversand.com\/joomla\/index.php?rest_route=\/wp\/v2\/pages"}],"about":[{"href":"http:\/\/www.leuchtenversand.com\/joomla\/index.php?rest_route=\/wp\/v2\/types\/page"}],"author":[{"embeddable":true,"href":"http:\/\/www.leuchtenversand.com\/joomla\/index.php?rest_route=\/wp\/v2\/users\/1"}],"replies":[{"embeddable":true,"href":"http:\/\/www.leuchtenversand.com\/joomla\/index.php?rest_route=%2Fwp%2Fv2%2Fcomments&post=59"}],"version-history":[{"count":1,"href":"http:\/\/www.leuchtenversand.com\/joomla\/index.php?rest_route=\/wp\/v2\/pages\/59\/revisions"}],"predecessor-version":[{"id":82,"href":"http:\/\/www.leuchtenversand.com\/joomla\/index.php?rest_route=\/wp\/v2\/pages\/59\/revisions\/82"}],"wp:attachment":[{"href":"http:\/\/www.leuchtenversand.com\/joomla\/index.php?rest_route=%2Fwp%2Fv2%2Fmedia&parent=59"}],"curies":[{"name":"wp","href":"https:\/\/api.w.org\/{rel}","templated":true}]}}